{"id":3739,"date":"2023-09-05T17:48:34","date_gmt":"2023-09-05T21:48:34","guid":{"rendered":"https:\/\/orthophonielenvol.com\/contact\/"},"modified":"2026-01-26T14:53:29","modified_gmt":"2026-01-26T19:53:29","slug":"contact-us","status":"publish","type":"page","link":"https:\/\/orthophonielenvol.com\/en\/contact-us\/","title":{"rendered":"Contact us"},"content":{"rendered":"<p><img decoding=\"async\" title=\"Group 230@2x\" src=\"https:\/\/orthophonielenvol.com\/wp-content\/uploads\/elementor\/thumbs\/Group-230@2x-qcwe7qelu5r5n6oa7mx4z31qemna7qg5gw7igoz8hg.png\" alt=\"Group 230@2x\" \/><br \/>\n<img decoding=\"async\" title=\"Group 230@2x\" src=\"https:\/\/orthophonielenvol.com\/wp-content\/uploads\/elementor\/thumbs\/Group-230@2x-qcwe7qel9zi6xqa0tjspqbvol9o0rt23fex43s7j4g.png\" alt=\"Group 230@2x\" \/><\/p>\n<h1>CONTACT US<\/h1>\n<p><a href=\"https:\/\/maps.app.goo.gl\/CRhEtEvB94zusXuH8\" target=\"_blank\" rel=\"noopener\"><br \/>\n<img decoding=\"async\" title=\"library-869061_1280\" src=\"https:\/\/orthophonielenvol.com\/wp-content\/uploads\/2023\/09\/library-869061_1280.jpeg\" alt=\"library-869061_1280\" \/> <\/a><\/p>\n<p>1783, rue St-Louis, local C,<br \/>\nGatineau Qu\u00e9bec J8T 4H2<\/p>\n<p><a href=\"https:\/\/maps.app.goo.gl\/Z5A5ph8yNXKNE2eg8\" target=\"_blank\" rel=\"noopener\"><br \/>\n<img decoding=\"async\" title=\"library-869061_1280\" src=\"https:\/\/orthophonielenvol.com\/wp-content\/uploads\/2023\/09\/library-869061_1280.jpeg\" alt=\"library-869061_1280\" \/> <\/a><\/p>\n<p>851, boulevard Saint-Ren\u00e9 Ouest, local D, Gatineau (Qu\u00e9bec) J8T 7X5<\/p>\n<p><a href=\"https:\/\/maps.app.goo.gl\/68K1RjQNvHr5gtCE8\" target=\"_blank\" rel=\"noopener\"><br \/>\n<img decoding=\"async\" title=\"library-869061_1280\" src=\"https:\/\/orthophonielenvol.com\/wp-content\/uploads\/2023\/09\/library-869061_1280.jpeg\" alt=\"library-869061_1280\" \/> <\/a><\/p>\n<p>Sensory Room<\/p>\n<p>1783, rue Saint-Louis, local B, Gatineau (Qu\u00e9bec) J8T 4H2<\/p>\n<p><a href=\"https:\/\/airtable.com\/appMfKhxgFhoBizxE\/shrsQDQw8yJqBQNAl\" target=\"_blank\" rel=\"noopener\"><br \/>\nI AM AN INDIVIDUAL<br \/>\n<\/a><br \/>\n<a role=\"button\"><br \/>\nWE ARE AN INSTITUTION<br \/>\n<\/a><\/p>\n","protected":false},"excerpt":{"rendered":"<p>CONTACT US 1783, rue St-Louis, local C, Gatineau Qu\u00e9bec J8T 4H2 851, boulevard Saint-Ren\u00e9 Ouest, local D, Gatineau (Qu\u00e9bec) J8T 7X5 Sensory Room 1783, rue Saint-Louis, local B, Gatineau (Qu\u00e9bec) J8T 4H2 I AM AN INDIVIDUAL WE ARE AN INSTITUTION<\/p>\n","protected":false},"author":3,"featured_media":0,"parent":0,"menu_order":0,"comment_status":"closed","ping_status":"closed","template":"","meta":{"inline_featured_image":false,"footnotes":""},"acf":[],"yoast_head":"<!-- This site is optimized with the Yoast SEO plugin v21.4 - https:\/\/yoast.com\/wordpress\/plugins\/seo\/ -->\n<title>Contact us - orthophonie L&#039;Envol<\/title>\n<meta name=\"robots\" content=\"index, follow, max-snippet:-1, max-image-preview:large, max-video-preview:-1\" \/>\n<link rel=\"canonical\" href=\"https:\/\/orthophonielenvol.com\/en\/contact-us\/\" \/>\n<meta property=\"og:locale\" content=\"en_US\" \/>\n<meta property=\"og:type\" content=\"article\" \/>\n<meta property=\"og:title\" content=\"Contact us - orthophonie L&#039;Envol\" \/>\n<meta property=\"og:description\" content=\"CONTACT US 1783, rue St-Louis, local C, Gatineau Qu\u00e9bec J8T 4H2 851, boulevard Saint-Ren\u00e9 Ouest, local D, Gatineau (Qu\u00e9bec) J8T 7X5 Sensory Room 1783, rue Saint-Louis, local B, Gatineau (Qu\u00e9bec) J8T 4H2 I AM AN INDIVIDUAL WE ARE AN INSTITUTION\" \/>\n<meta property=\"og:url\" content=\"https:\/\/orthophonielenvol.com\/en\/contact-us\/\" \/>\n<meta property=\"og:site_name\" content=\"orthophonie L&#039;Envol\" \/>\n<meta property=\"article:modified_time\" content=\"2026-01-26T19:53:29+00:00\" \/>\n<meta property=\"og:image\" content=\"https:\/\/orthophonielenvol.com\/wp-content\/uploads\/elementor\/thumbs\/Group-230@2x-qcwe7qelu5r5n6oa7mx4z31qemna7qg5gw7igoz8hg.png\" \/>\n<meta name=\"twitter:card\" content=\"summary_large_image\" \/>\n<meta name=\"twitter:label1\" content=\"Est. reading time\" \/>\n\t<meta name=\"twitter:data1\" content=\"2 minutes\" \/>\n<script type=\"application\/ld+json\" class=\"yoast-schema-graph\">{\"@context\":\"https:\/\/schema.org\",\"@graph\":[{\"@type\":\"WebPage\",\"@id\":\"https:\/\/orthophonielenvol.com\/en\/contact-us\/\",\"url\":\"https:\/\/orthophonielenvol.com\/en\/contact-us\/\",\"name\":\"Contact us - orthophonie L&#039;Envol\",\"isPartOf\":{\"@id\":\"https:\/\/orthophonielenvol.com\/en\/#website\"},\"datePublished\":\"2023-09-05T21:48:34+00:00\",\"dateModified\":\"2026-01-26T19:53:29+00:00\",\"breadcrumb\":{\"@id\":\"https:\/\/orthophonielenvol.com\/en\/contact-us\/#breadcrumb\"},\"inLanguage\":\"en-US\",\"potentialAction\":[{\"@type\":\"ReadAction\",\"target\":[\"https:\/\/orthophonielenvol.com\/en\/contact-us\/\"]}]},{\"@type\":\"BreadcrumbList\",\"@id\":\"https:\/\/orthophonielenvol.com\/en\/contact-us\/#breadcrumb\",\"itemListElement\":[{\"@type\":\"ListItem\",\"position\":1,\"name\":\"Home\",\"item\":\"https:\/\/orthophonielenvol.com\/en\/\"},{\"@type\":\"ListItem\",\"position\":2,\"name\":\"Contact us\"}]},{\"@type\":\"WebSite\",\"@id\":\"https:\/\/orthophonielenvol.com\/en\/#website\",\"url\":\"https:\/\/orthophonielenvol.com\/en\/\",\"name\":\"orthophonie L&#039;Envol\",\"description\":\"\",\"publisher\":{\"@id\":\"https:\/\/orthophonielenvol.com\/en\/#organization\"},\"potentialAction\":[{\"@type\":\"SearchAction\",\"target\":{\"@type\":\"EntryPoint\",\"urlTemplate\":\"https:\/\/orthophonielenvol.com\/en\/?s={search_term_string}\"},\"query-input\":\"required name=search_term_string\"}],\"inLanguage\":\"en-US\"},{\"@type\":\"Organization\",\"@id\":\"https:\/\/orthophonielenvol.com\/en\/#organization\",\"name\":\"orthophonie L&#039;Envol\",\"url\":\"https:\/\/orthophonielenvol.com\/en\/\",\"logo\":{\"@type\":\"ImageObject\",\"inLanguage\":\"en-US\",\"@id\":\"https:\/\/orthophonielenvol.com\/en\/#\/schema\/logo\/image\/\",\"url\":\"https:\/\/orthophonielenvol.com\/wp-content\/uploads\/2023\/09\/cropped-Group-236@2x.png\",\"contentUrl\":\"https:\/\/orthophonielenvol.com\/wp-content\/uploads\/2023\/09\/cropped-Group-236@2x.png\",\"width\":426,\"height\":144,\"caption\":\"orthophonie L&#039;Envol\"},\"image\":{\"@id\":\"https:\/\/orthophonielenvol.com\/en\/#\/schema\/logo\/image\/\"}}]}<\/script>\n<!-- \/ Yoast SEO plugin. -->","yoast_head_json":{"title":"Contact us - orthophonie L&#039;Envol","robots":{"index":"index","follow":"follow","max-snippet":"max-snippet:-1","max-image-preview":"max-image-preview:large","max-video-preview":"max-video-preview:-1"},"canonical":"https:\/\/orthophonielenvol.com\/en\/contact-us\/","og_locale":"en_US","og_type":"article","og_title":"Contact us - orthophonie L&#039;Envol","og_description":"CONTACT US 1783, rue St-Louis, local C, Gatineau Qu\u00e9bec J8T 4H2 851, boulevard Saint-Ren\u00e9 Ouest, local D, Gatineau (Qu\u00e9bec) J8T 7X5 Sensory Room 1783, rue Saint-Louis, local B, Gatineau (Qu\u00e9bec) J8T 4H2 I AM AN INDIVIDUAL WE ARE AN INSTITUTION","og_url":"https:\/\/orthophonielenvol.com\/en\/contact-us\/","og_site_name":"orthophonie L&#039;Envol","article_modified_time":"2026-01-26T19:53:29+00:00","og_image":[{"url":"https:\/\/orthophonielenvol.com\/wp-content\/uploads\/elementor\/thumbs\/Group-230@2x-qcwe7qelu5r5n6oa7mx4z31qemna7qg5gw7igoz8hg.png"}],"twitter_card":"summary_large_image","twitter_misc":{"Est. reading time":"2 minutes"},"schema":{"@context":"https:\/\/schema.org","@graph":[{"@type":"WebPage","@id":"https:\/\/orthophonielenvol.com\/en\/contact-us\/","url":"https:\/\/orthophonielenvol.com\/en\/contact-us\/","name":"Contact us - orthophonie L&#039;Envol","isPartOf":{"@id":"https:\/\/orthophonielenvol.com\/en\/#website"},"datePublished":"2023-09-05T21:48:34+00:00","dateModified":"2026-01-26T19:53:29+00:00","breadcrumb":{"@id":"https:\/\/orthophonielenvol.com\/en\/contact-us\/#breadcrumb"},"inLanguage":"en-US","potentialAction":[{"@type":"ReadAction","target":["https:\/\/orthophonielenvol.com\/en\/contact-us\/"]}]},{"@type":"BreadcrumbList","@id":"https:\/\/orthophonielenvol.com\/en\/contact-us\/#breadcrumb","itemListElement":[{"@type":"ListItem","position":1,"name":"Home","item":"https:\/\/orthophonielenvol.com\/en\/"},{"@type":"ListItem","position":2,"name":"Contact us"}]},{"@type":"WebSite","@id":"https:\/\/orthophonielenvol.com\/en\/#website","url":"https:\/\/orthophonielenvol.com\/en\/","name":"orthophonie L&#039;Envol","description":"","publisher":{"@id":"https:\/\/orthophonielenvol.com\/en\/#organization"},"potentialAction":[{"@type":"SearchAction","target":{"@type":"EntryPoint","urlTemplate":"https:\/\/orthophonielenvol.com\/en\/?s={search_term_string}"},"query-input":"required name=search_term_string"}],"inLanguage":"en-US"},{"@type":"Organization","@id":"https:\/\/orthophonielenvol.com\/en\/#organization","name":"orthophonie L&#039;Envol","url":"https:\/\/orthophonielenvol.com\/en\/","logo":{"@type":"ImageObject","inLanguage":"en-US","@id":"https:\/\/orthophonielenvol.com\/en\/#\/schema\/logo\/image\/","url":"https:\/\/orthophonielenvol.com\/wp-content\/uploads\/2023\/09\/cropped-Group-236@2x.png","contentUrl":"https:\/\/orthophonielenvol.com\/wp-content\/uploads\/2023\/09\/cropped-Group-236@2x.png","width":426,"height":144,"caption":"orthophonie L&#039;Envol"},"image":{"@id":"https:\/\/orthophonielenvol.com\/en\/#\/schema\/logo\/image\/"}}]}},"_links":{"self":[{"href":"https:\/\/orthophonielenvol.com\/en\/wp-json\/wp\/v2\/pages\/3739"}],"collection":[{"href":"https:\/\/orthophonielenvol.com\/en\/wp-json\/wp\/v2\/pages"}],"about":[{"href":"https:\/\/orthophonielenvol.com\/en\/wp-json\/wp\/v2\/types\/page"}],"author":[{"embeddable":true,"href":"https:\/\/orthophonielenvol.com\/en\/wp-json\/wp\/v2\/users\/3"}],"replies":[{"embeddable":true,"href":"https:\/\/orthophonielenvol.com\/en\/wp-json\/wp\/v2\/comments?post=3739"}],"version-history":[{"count":6,"href":"https:\/\/orthophonielenvol.com\/en\/wp-json\/wp\/v2\/pages\/3739\/revisions"}],"predecessor-version":[{"id":11245,"href":"https:\/\/orthophonielenvol.com\/en\/wp-json\/wp\/v2\/pages\/3739\/revisions\/11245"}],"wp:attachment":[{"href":"https:\/\/orthophonielenvol.com\/en\/wp-json\/wp\/v2\/media?parent=3739"}],"curies":[{"name":"wp","href":"https:\/\/api.w.org\/{rel}","templated":true}]}}